{"id":2007,"date":"2019-09-19T16:50:17","date_gmt":"2019-09-19T15:50:17","guid":{"rendered":"https:\/\/duplex38.com\/sauvage\/?page_id=2007"},"modified":"2022-11-23T11:32:52","modified_gmt":"2022-11-23T10:32:52","slug":"fabrication-dengrenages","status":"publish","type":"page","link":"https:\/\/sauvage-tradeengineering.com\/fr_fr\/services\/fabrication-dengrenages\/","title":{"rendered":"Fabrication d&rsquo;engrenages"},"content":{"rendered":"\t\t<div data-elementor-type=\"wp-post\" data-elementor-id=\"2007\" class=\"elementor elementor-2007\" data-elementor-post-type=\"page\">\n\t\t\t\t\t\t<section class=\"elementor-section elementor-top-section elementor-element elementor-element-2bb63dca elementor-section-stretched elementor-section-boxed elementor-section-height-default elementor-section-height-default\" data-id=\"2bb63dca\" data-element_type=\"section\" data-settings=\"{&quot;stretch_section&quot;:&quot;section-stretched&quot;,&quot;background_background&quot;:&quot;classic&quot;}\">\n\t\t\t\t\t\t<div class=\"elementor-container elementor-column-gap-default\">\n\t\t\t\t\t<div class=\"elementor-column elementor-col-100 elementor-top-column elementor-element elementor-element-32b03789\" data-id=\"32b03789\" data-element_type=\"column\">\n\t\t\t<div class=\"elementor-widget-wrap elementor-element-populated\">\n\t\t\t\t\t\t<div class=\"elementor-element elementor-element-13bc7bc2 elementor-widget elementor-widget-heading\" data-id=\"13bc7bc2\" data-element_type=\"widget\" data-widget_type=\"heading.default\">\n\t\t\t\t<div class=\"elementor-widget-container\">\n\t\t\t\t\t<h1 class=\"elementor-heading-title elementor-size-default\">Fabrication d'engrenages <\/h1>\t\t\t\t<\/div>\n\t\t\t\t<\/div>\n\t\t\t\t\t<\/div>\n\t\t<\/div>\n\t\t\t\t\t<\/div>\n\t\t<\/section>\n\t\t\t\t<section class=\"elementor-section elementor-top-section elementor-element elementor-element-2363f17b elementor-section-stretched elementor-section-height-min-height elementor-section-boxed elementor-section-height-default elementor-section-items-middle elementor-invisible\" data-id=\"2363f17b\" data-element_type=\"section\" data-settings=\"{&quot;stretch_section&quot;:&quot;section-stretched&quot;,&quot;background_background&quot;:&quot;classic&quot;,&quot;animation&quot;:&quot;fadeInUp&quot;}\">\n\t\t\t\t\t\t<div class=\"elementor-container elementor-column-gap-default\">\n\t\t\t\t\t<div class=\"elementor-column elementor-col-50 elementor-top-column elementor-element elementor-element-74ab7af9\" data-id=\"74ab7af9\" data-element_type=\"column\" data-settings=\"{&quot;background_background&quot;:&quot;classic&quot;}\">\n\t\t\t<div class=\"elementor-widget-wrap elementor-element-populated\">\n\t\t\t\t\t\t<div class=\"elementor-element elementor-element-21f30ac5 elementor-widget elementor-widget-heading\" data-id=\"21f30ac5\" data-element_type=\"widget\" data-widget_type=\"heading.default\">\n\t\t\t\t<div class=\"elementor-widget-container\">\n\t\t\t\t\t<h2 class=\"elementor-heading-title elementor-size-default\">D\u00e9couvrez notre service de Fabrication d'engrenages.<\/h2>\t\t\t\t<\/div>\n\t\t\t\t<\/div>\n\t\t\t\t<div class=\"elementor-element elementor-element-cc7a630 elementor-widget elementor-widget-text-editor\" data-id=\"cc7a630\" data-element_type=\"widget\" data-widget_type=\"text-editor.default\">\n\t\t\t\t<div class=\"elementor-widget-container\">\n\t\t\t\t\t\t\t\t\tUn service de \u200bFabrication d&rsquo;engrenages\u00a0de Sauvage-Trade Engineering\n\nFabrication d\u2019engrenages tous types et toutes dimensions.\t\t\t\t\t\t\t\t<\/div>\n\t\t\t\t<\/div>\n\t\t\t\t<section class=\"elementor-section elementor-inner-section elementor-element elementor-element-077e10a elementor-section-boxed elementor-section-height-default elementor-section-height-default\" data-id=\"077e10a\" data-element_type=\"section\">\n\t\t\t\t\t\t<div class=\"elementor-container elementor-column-gap-default\">\n\t\t\t\t\t<div class=\"elementor-column elementor-col-100 elementor-inner-column elementor-element elementor-element-6d5e30e\" data-id=\"6d5e30e\" data-element_type=\"column\">\n\t\t\t<div class=\"elementor-widget-wrap elementor-element-populated\">\n\t\t\t\t\t\t<div class=\"elementor-element elementor-element-f53a4e0 elementor-widget elementor-widget-image\" data-id=\"f53a4e0\" data-element_type=\"widget\" data-widget_type=\"image.default\">\n\t\t\t\t<div class=\"elementor-widget-container\">\n\t\t\t\t\t\t\t\t\t\t\t\t\t\t\t<img fetchpriority=\"high\" decoding=\"async\" width=\"800\" height=\"509\" src=\"https:\/\/sauvage-tradeengineering.com\/wp-content\/uploads\/2022\/11\/fabrication-dengrenages.webp\" class=\"attachment-large size-large wp-image-2263\" alt=\"fabrication d&#039;engrenages\" srcset=\"https:\/\/sauvage-tradeengineering.com\/wp-content\/uploads\/2022\/11\/fabrication-dengrenages.webp 800w, https:\/\/sauvage-tradeengineering.com\/wp-content\/uploads\/2022\/11\/fabrication-dengrenages-300x191.webp 300w, https:\/\/sauvage-tradeengineering.com\/wp-content\/uploads\/2022\/11\/fabrication-dengrenages-768x489.webp 768w, https:\/\/sauvage-tradeengineering.com\/wp-content\/uploads\/2022\/11\/fabrication-dengrenages-18x12.webp 18w\" sizes=\"(max-width: 800px) 100vw, 800px\" \/>\t\t\t\t\t\t\t\t\t\t\t\t\t\t\t<\/div>\n\t\t\t\t<\/div>\n\t\t\t\t\t<\/div>\n\t\t<\/div>\n\t\t\t\t\t<\/div>\n\t\t<\/section>\n\t\t\t\t\t<\/div>\n\t\t<\/div>\n\t\t\t\t<div class=\"elementor-column elementor-col-50 elementor-top-column elementor-element elementor-element-814d533\" data-id=\"814d533\" data-element_type=\"column\" data-settings=\"{&quot;background_background&quot;:&quot;classic&quot;}\">\n\t\t\t<div class=\"elementor-widget-wrap elementor-element-populated\">\n\t\t\t\t\t\t<div class=\"elementor-element elementor-element-395abd18 elementor-widget elementor-widget-heading\" data-id=\"395abd18\" data-element_type=\"widget\" data-widget_type=\"heading.default\">\n\t\t\t\t<div class=\"elementor-widget-container\">\n\t\t\t\t\t<h3 class=\"elementor-heading-title elementor-size-default\">Demandez \u00e0 \u00eatre rappel\u00e9(e) par notre \u00e9quipe.<\/h3>\t\t\t\t<\/div>\n\t\t\t\t<\/div>\n\t\t\t\t<div class=\"elementor-element elementor-element-7e21279 elementor-widget-divider--view-line elementor-widget elementor-widget-divider\" data-id=\"7e21279\" data-element_type=\"widget\" data-widget_type=\"divider.default\">\n\t\t\t\t<div class=\"elementor-widget-container\">\n\t\t\t\t\t\t\t<div class=\"elementor-divider\">\n\t\t\t<span class=\"elementor-divider-separator\">\n\t\t\t\t\t\t<\/span>\n\t\t<\/div>\n\t\t\t\t\t\t<\/div>\n\t\t\t\t<\/div>\n\t\t\t\t<div class=\"elementor-element elementor-element-7472ab00 elementor-button-align-start elementor-widget elementor-widget-form\" data-id=\"7472ab00\" data-element_type=\"widget\" data-settings=\"{&quot;step_next_label&quot;:&quot;Suivant&quot;,&quot;step_previous_label&quot;:&quot;Pr\\u00e9c\\u00e9dent&quot;,&quot;button_width&quot;:&quot;100&quot;,&quot;step_type&quot;:&quot;number_text&quot;,&quot;step_icon_shape&quot;:&quot;circle&quot;}\" data-widget_type=\"form.default\">\n\t\t\t\t<div class=\"elementor-widget-container\">\n\t\t\t\t\t\t\t<form class=\"elementor-form\" method=\"post\" name=\"Nouveau formulaire\">\n\t\t\t<input type=\"hidden\" name=\"post_id\" value=\"2007\"\/>\n\t\t\t<input type=\"hidden\" name=\"form_id\" value=\"7472ab00\"\/>\n\t\t\t<input type=\"hidden\" name=\"referer_title\" value=\"Sauvage Trade Engineering\" \/>\n\n\t\t\t\n\t\t\t<div class=\"elementor-form-fields-wrapper elementor-labels-\">\n\t\t\t\t\t\t\t\t<div class=\"elementor-field-type-text elementor-field-group elementor-column elementor-field-group-name elementor-col-50 elementor-field-required\">\n\t\t\t\t\t\t\t\t\t\t\t\t<label for=\"form-field-name\" class=\"elementor-field-label elementor-screen-only\">\n\t\t\t\t\t\t\t\tNom\t\t\t\t\t\t\t<\/label>\n\t\t\t\t\t\t\t\t\t\t\t\t\t\t<input size=\"1\" type=\"text\" name=\"form_fields[name]\" id=\"form-field-name\" class=\"elementor-field elementor-size-sm  elementor-field-textual\" placeholder=\"Nom\" required=\"required\">\n\t\t\t\t\t\t\t\t\t\t\t<\/div>\n\t\t\t\t\t\t\t\t<div class=\"elementor-field-type-text elementor-field-group elementor-column elementor-field-group-field_8e04245 elementor-col-50 elementor-field-required\">\n\t\t\t\t\t\t\t\t\t\t\t\t<label for=\"form-field-field_8e04245\" class=\"elementor-field-label elementor-screen-only\">\n\t\t\t\t\t\t\t\tPr\u00e9nom\t\t\t\t\t\t\t<\/label>\n\t\t\t\t\t\t\t\t\t\t\t\t\t\t<input size=\"1\" type=\"text\" name=\"form_fields[field_8e04245]\" id=\"form-field-field_8e04245\" class=\"elementor-field elementor-size-sm  elementor-field-textual\" placeholder=\"Pr\u00e9nom\" required=\"required\">\n\t\t\t\t\t\t\t\t\t\t\t<\/div>\n\t\t\t\t\t\t\t\t<div class=\"elementor-field-type-email elementor-field-group elementor-column elementor-field-group-email elementor-col-100 elementor-field-required\">\n\t\t\t\t\t\t\t\t\t\t\t\t<label for=\"form-field-email\" class=\"elementor-field-label elementor-screen-only\">\n\t\t\t\t\t\t\t\tE-mail\t\t\t\t\t\t\t<\/label>\n\t\t\t\t\t\t\t\t\t\t\t\t\t\t<input size=\"1\" type=\"email\" name=\"form_fields[email]\" id=\"form-field-email\" class=\"elementor-field elementor-size-sm  elementor-field-textual\" placeholder=\"E-mail\" required=\"required\">\n\t\t\t\t\t\t\t\t\t\t\t<\/div>\n\t\t\t\t\t\t\t\t<div class=\"elementor-field-type-tel elementor-field-group elementor-column elementor-field-group-field_ce953ac elementor-col-100 elementor-field-required\">\n\t\t\t\t\t\t\t\t\t\t\t\t<label for=\"form-field-field_ce953ac\" class=\"elementor-field-label elementor-screen-only\">\n\t\t\t\t\t\t\t\tT\u00e9l\u00e9phone\t\t\t\t\t\t\t<\/label>\n\t\t\t\t\t\t\t\t<input size=\"1\" type=\"tel\" name=\"form_fields[field_ce953ac]\" id=\"form-field-field_ce953ac\" class=\"elementor-field elementor-size-sm  elementor-field-textual\" placeholder=\"T\u00e9l\u00e9phone\" required=\"required\" pattern=\"[0-9()#&amp;+*-=.]+\" title=\"Seuls les caract\u00e8res de num\u00e9ros de t\u00e9l\u00e9phone (#, -, *, etc.) sont accept\u00e9s.\">\n\n\t\t\t\t\t\t<\/div>\n\t\t\t\t\t\t\t\t<div class=\"elementor-field-type-text elementor-field-group elementor-column elementor-field-group-field_19b46c4 elementor-col-100 elementor-field-required\">\n\t\t\t\t\t\t\t\t\t\t\t\t<label for=\"form-field-field_19b46c4\" class=\"elementor-field-label elementor-screen-only\">\n\t\t\t\t\t\t\t\tSujet\t\t\t\t\t\t\t<\/label>\n\t\t\t\t\t\t\t\t\t\t\t\t\t\t<input size=\"1\" type=\"text\" name=\"form_fields[field_19b46c4]\" id=\"form-field-field_19b46c4\" class=\"elementor-field elementor-size-sm  elementor-field-textual\" placeholder=\"Sujet\" required=\"required\">\n\t\t\t\t\t\t\t\t\t\t\t<\/div>\n\t\t\t\t\t\t\t\t<div class=\"elementor-field-type-textarea elementor-field-group elementor-column elementor-field-group-message elementor-col-100\">\n\t\t\t\t\t\t\t\t\t\t\t\t<label for=\"form-field-message\" class=\"elementor-field-label elementor-screen-only\">\n\t\t\t\t\t\t\t\tMessage\t\t\t\t\t\t\t<\/label>\n\t\t\t\t\t\t<textarea class=\"elementor-field-textual elementor-field  elementor-size-sm\" name=\"form_fields[message]\" id=\"form-field-message\" rows=\"4\" placeholder=\"Message\"><\/textarea>\t\t\t\t<\/div>\n\t\t\t\t\t\t\t\t<div class=\"elementor-field-type-recaptcha_v3 elementor-field-group elementor-column elementor-field-group-field_1ba826b elementor-col-100 recaptcha_v3-bottomright\">\n\t\t\t\t\t<div class=\"elementor-field\" id=\"form-field-field_1ba826b\"><div class=\"elementor-g-recaptcha\" data-sitekey=\"6LfP2yEjAAAAAPi6UOfp8K6D7OqSeQQTOClCPt0i\" data-type=\"v3\" data-action=\"Form\" data-badge=\"bottomright\" data-size=\"invisible\"><\/div><\/div>\t\t\t\t<\/div>\n\t\t\t\t\t\t\t\t<div class=\"elementor-field-group elementor-column elementor-field-type-submit elementor-col-100 e-form__buttons\">\n\t\t\t\t\t<button class=\"elementor-button elementor-size-sm\" type=\"submit\">\n\t\t\t\t\t\t<span class=\"elementor-button-content-wrapper\">\n\t\t\t\t\t\t\t\t\t\t\t\t\t\t\t\t\t\t\t\t\t\t<span class=\"elementor-button-text\">Envoyer<\/span>\n\t\t\t\t\t\t\t\t\t\t\t\t\t<\/span>\n\t\t\t\t\t<\/button>\n\t\t\t\t<\/div>\n\t\t\t<\/div>\n\t\t<\/form>\n\t\t\t\t\t\t<\/div>\n\t\t\t\t<\/div>\n\t\t\t\t\t<\/div>\n\t\t<\/div>\n\t\t\t\t\t<\/div>\n\t\t<\/section>\n\t\t\t\t<section class=\"elementor-section elementor-top-section elementor-element elementor-element-c0c91b4 elementor-section-stretched elementor-section-boxed elementor-section-height-default elementor-section-height-default\" data-id=\"c0c91b4\" data-element_type=\"section\" data-settings=\"{&quot;stretch_section&quot;:&quot;section-stretched&quot;,&quot;background_background&quot;:&quot;classic&quot;}\">\n\t\t\t\t\t\t<div class=\"elementor-container elementor-column-gap-default\">\n\t\t\t\t\t<div class=\"elementor-column elementor-col-100 elementor-top-column elementor-element elementor-element-e200631\" data-id=\"e200631\" data-element_type=\"column\">\n\t\t\t<div class=\"elementor-widget-wrap elementor-element-populated\">\n\t\t\t\t\t\t<div class=\"elementor-element elementor-element-7ece9f2 elementor-widget elementor-widget-heading\" data-id=\"7ece9f2\" data-element_type=\"widget\" data-widget_type=\"heading.default\">\n\t\t\t\t<div class=\"elementor-widget-container\">\n\t\t\t\t\t<h3 class=\"elementor-heading-title elementor-size-default\">Une \u00e9quipe \u00e0 votre disposition<\/h3>\t\t\t\t<\/div>\n\t\t\t\t<\/div>\n\t\t\t\t<div class=\"elementor-element elementor-element-fa2d6e0 elementor-widget elementor-widget-text-editor\" data-id=\"fa2d6e0\" data-element_type=\"widget\" data-widget_type=\"text-editor.default\">\n\t\t\t\t<div class=\"elementor-widget-container\">\n\t\t\t\t\t\t\t\t\tNotre \u00e9quipe est disponible pour toutes informations ou questions.\n\nContactez nous par e-mail sur l\u2019adresse <a href=\"mailto:info@sauvage-tradeengineering.com\">info@sauvage-tradeengineering.com<\/a> ou par t\u00e9l\u00e9phone au <a href=\"tel:00352 26908247\">+ 352 269.082.47<\/a>\u00a0ou compl\u00e9tez notre formulaire de contact en <a href=\"https:\/\/www.sauvage-tradeengineering.com\/contact\/\">cliquant ici<\/a>.<span class=\"Apple-converted-space\">\u00a0<\/span>\t\t\t\t\t\t\t\t<\/div>\n\t\t\t\t<\/div>\n\t\t\t\t\t<\/div>\n\t\t<\/div>\n\t\t\t\t\t<\/div>\n\t\t<\/section>\n\t\t\t\t<\/div>\n\t\t","protected":false},"excerpt":{"rendered":"<p>Fabrication d&rsquo;engrenages D\u00e9couvrez notre service de Fabrication d&rsquo;engrenages. Un service de \u200bFabrication d&rsquo;engrenages\u00a0de Sauvage-Trade Engineering Fabrication d\u2019engrenages tous types et toutes dimensions. Demandez \u00e0 \u00eatre rappel\u00e9(e) par notre \u00e9quipe. Une \u00e9quipe \u00e0 votre disposition Notre \u00e9quipe est disponible pour toutes informations ou questions. Contactez nous par e-mail sur l\u2019adresse info@sauvage-tradeengineering.com ou par t\u00e9l\u00e9phone au + [&hellip;]<\/p>\n","protected":false},"author":2,"featured_media":0,"parent":1306,"menu_order":0,"comment_status":"closed","ping_status":"closed","template":"elementor_header_footer","meta":{"footnotes":""},"class_list":["post-2007","page","type-page","status-publish","hentry"],"yoast_head":"<!-- This site is optimized with the Yoast SEO plugin v24.6 - https:\/\/yoast.com\/wordpress\/plugins\/seo\/ -->\n<title>Fabrication d&#039;engrenages | Atelier de maintenance | Trade Engineering<\/title>\n<meta name=\"description\" content=\"D\u00e9couvrez le service de Fabrication d&#039;engrenages de l&#039;atelier de l&#039; Atelier de maintenance Sauvage Trade Engineering au Luxembourg.\" \/>\n<meta name=\"robots\" content=\"index, follow, max-snippet:-1, max-image-preview:large, max-video-preview:-1\" \/>\n<link rel=\"canonical\" href=\"https:\/\/sauvage-tradeengineering.com\/fr_fr\/services\/fabrication-dengrenages\/\" \/>\n<meta property=\"og:locale\" content=\"fr_FR\" \/>\n<meta property=\"og:type\" content=\"article\" \/>\n<meta property=\"og:title\" content=\"Fabrication d&#039;engrenages | Atelier de maintenance | Trade Engineering\" \/>\n<meta property=\"og:description\" content=\"D\u00e9couvrez le service de Fabrication d&#039;engrenages de l&#039;atelier de l&#039; Atelier de maintenance Sauvage Trade Engineering au Luxembourg.\" \/>\n<meta property=\"og:url\" content=\"https:\/\/sauvage-tradeengineering.com\/fr_fr\/services\/fabrication-dengrenages\/\" \/>\n<meta property=\"og:site_name\" content=\"Sauvage Trade Engineering\" \/>\n<meta property=\"article:modified_time\" content=\"2022-11-23T10:32:52+00:00\" \/>\n<meta property=\"og:image\" content=\"https:\/\/sauvage-tradeengineering.com\/wp-content\/uploads\/2019\/06\/chape-\u00e0-liege-og.png\" \/>\n\t<meta property=\"og:image:width\" content=\"1200\" \/>\n\t<meta property=\"og:image:height\" content=\"630\" \/>\n\t<meta property=\"og:image:type\" content=\"image\/png\" \/>\n<meta name=\"twitter:label1\" content=\"Dur\u00e9e de lecture estim\u00e9e\" \/>\n\t<meta name=\"twitter:data1\" content=\"1 minute\" \/>\n<script type=\"application\/ld+json\" class=\"yoast-schema-graph\">{\"@context\":\"https:\/\/schema.org\",\"@graph\":[{\"@type\":\"WebPage\",\"@id\":\"https:\/\/sauvage-tradeengineering.com\/services\/fabrication-dengrenages\/\",\"url\":\"https:\/\/sauvage-tradeengineering.com\/services\/fabrication-dengrenages\/\",\"name\":\"Fabrication d'engrenages | Atelier de maintenance | Trade Engineering\",\"isPartOf\":{\"@id\":\"https:\/\/sauvage-tradeengineering.com\/#website\"},\"primaryImageOfPage\":{\"@id\":\"https:\/\/sauvage-tradeengineering.com\/services\/fabrication-dengrenages\/#primaryimage\"},\"image\":{\"@id\":\"https:\/\/sauvage-tradeengineering.com\/services\/fabrication-dengrenages\/#primaryimage\"},\"thumbnailUrl\":\"https:\/\/sauvage-tradeengineering.com\/wp-content\/uploads\/2022\/11\/fabrication-dengrenages.webp\",\"datePublished\":\"2019-09-19T15:50:17+00:00\",\"dateModified\":\"2022-11-23T10:32:52+00:00\",\"description\":\"D\u00e9couvrez le service de Fabrication d'engrenages de l'atelier de l' Atelier de maintenance Sauvage Trade Engineering au Luxembourg.\",\"breadcrumb\":{\"@id\":\"https:\/\/sauvage-tradeengineering.com\/services\/fabrication-dengrenages\/#breadcrumb\"},\"inLanguage\":\"fr-FR\",\"potentialAction\":[{\"@type\":\"ReadAction\",\"target\":[\"https:\/\/sauvage-tradeengineering.com\/services\/fabrication-dengrenages\/\"]}]},{\"@type\":\"ImageObject\",\"inLanguage\":\"fr-FR\",\"@id\":\"https:\/\/sauvage-tradeengineering.com\/services\/fabrication-dengrenages\/#primaryimage\",\"url\":\"https:\/\/sauvage-tradeengineering.com\/wp-content\/uploads\/2022\/11\/fabrication-dengrenages.webp\",\"contentUrl\":\"https:\/\/sauvage-tradeengineering.com\/wp-content\/uploads\/2022\/11\/fabrication-dengrenages.webp\"},{\"@type\":\"BreadcrumbList\",\"@id\":\"https:\/\/sauvage-tradeengineering.com\/services\/fabrication-dengrenages\/#breadcrumb\",\"itemListElement\":[{\"@type\":\"ListItem\",\"position\":1,\"name\":\"Accueil\",\"item\":\"https:\/\/sauvage-tradeengineering.com\/fr_fr\/\"},{\"@type\":\"ListItem\",\"position\":2,\"name\":\"Services\",\"item\":\"https:\/\/sauvage-tradeengineering.com\/services\/\"},{\"@type\":\"ListItem\",\"position\":3,\"name\":\"Fabrication d&rsquo;engrenages\"}]},{\"@type\":\"WebSite\",\"@id\":\"https:\/\/sauvage-tradeengineering.com\/#website\",\"url\":\"https:\/\/sauvage-tradeengineering.com\/\",\"name\":\"Sauvage Trade Engineering\",\"description\":\"Atelier de maintenance\",\"publisher\":{\"@id\":\"https:\/\/sauvage-tradeengineering.com\/#organization\"},\"potentialAction\":[{\"@type\":\"SearchAction\",\"target\":{\"@type\":\"EntryPoint\",\"urlTemplate\":\"https:\/\/sauvage-tradeengineering.com\/?s={search_term_string}\"},\"query-input\":{\"@type\":\"PropertyValueSpecification\",\"valueRequired\":true,\"valueName\":\"search_term_string\"}}],\"inLanguage\":\"fr-FR\"},{\"@type\":\"Organization\",\"@id\":\"https:\/\/sauvage-tradeengineering.com\/#organization\",\"name\":\"Sauvage Trade Engineering\",\"url\":\"https:\/\/sauvage-tradeengineering.com\/\",\"logo\":{\"@type\":\"ImageObject\",\"inLanguage\":\"fr-FR\",\"@id\":\"https:\/\/sauvage-tradeengineering.com\/#\/schema\/logo\/image\/\",\"url\":\"https:\/\/sauvage-tradeengineering.com\/wp-content\/uploads\/2022\/11\/sauvage-tradeengineering-logo-1.webp\",\"contentUrl\":\"https:\/\/sauvage-tradeengineering.com\/wp-content\/uploads\/2022\/11\/sauvage-tradeengineering-logo-1.webp\",\"width\":113,\"height\":114,\"caption\":\"Sauvage Trade Engineering\"},\"image\":{\"@id\":\"https:\/\/sauvage-tradeengineering.com\/#\/schema\/logo\/image\/\"}}]}<\/script>\n<!-- \/ Yoast SEO plugin. -->","yoast_head_json":{"title":"Fabrication d'engrenages | Atelier de maintenance | Trade Engineering","description":"D\u00e9couvrez le service de Fabrication d'engrenages de l'atelier de l' Atelier de maintenance Sauvage Trade Engineering au Luxembourg.","robots":{"index":"index","follow":"follow","max-snippet":"max-snippet:-1","max-image-preview":"max-image-preview:large","max-video-preview":"max-video-preview:-1"},"canonical":"https:\/\/sauvage-tradeengineering.com\/fr_fr\/services\/fabrication-dengrenages\/","og_locale":"fr_FR","og_type":"article","og_title":"Fabrication d'engrenages | Atelier de maintenance | Trade Engineering","og_description":"D\u00e9couvrez le service de Fabrication d'engrenages de l'atelier de l' Atelier de maintenance Sauvage Trade Engineering au Luxembourg.","og_url":"https:\/\/sauvage-tradeengineering.com\/fr_fr\/services\/fabrication-dengrenages\/","og_site_name":"Sauvage Trade Engineering","article_modified_time":"2022-11-23T10:32:52+00:00","og_image":[{"width":1200,"height":630,"url":"https:\/\/sauvage-tradeengineering.com\/wp-content\/uploads\/2019\/06\/chape-\u00e0-liege-og.png","type":"image\/png"}],"twitter_misc":{"Dur\u00e9e de lecture estim\u00e9e":"1 minute"},"schema":{"@context":"https:\/\/schema.org","@graph":[{"@type":"WebPage","@id":"https:\/\/sauvage-tradeengineering.com\/services\/fabrication-dengrenages\/","url":"https:\/\/sauvage-tradeengineering.com\/services\/fabrication-dengrenages\/","name":"Fabrication d'engrenages | Atelier de maintenance | Trade Engineering","isPartOf":{"@id":"https:\/\/sauvage-tradeengineering.com\/#website"},"primaryImageOfPage":{"@id":"https:\/\/sauvage-tradeengineering.com\/services\/fabrication-dengrenages\/#primaryimage"},"image":{"@id":"https:\/\/sauvage-tradeengineering.com\/services\/fabrication-dengrenages\/#primaryimage"},"thumbnailUrl":"https:\/\/sauvage-tradeengineering.com\/wp-content\/uploads\/2022\/11\/fabrication-dengrenages.webp","datePublished":"2019-09-19T15:50:17+00:00","dateModified":"2022-11-23T10:32:52+00:00","description":"D\u00e9couvrez le service de Fabrication d'engrenages de l'atelier de l' Atelier de maintenance Sauvage Trade Engineering au Luxembourg.","breadcrumb":{"@id":"https:\/\/sauvage-tradeengineering.com\/services\/fabrication-dengrenages\/#breadcrumb"},"inLanguage":"fr-FR","potentialAction":[{"@type":"ReadAction","target":["https:\/\/sauvage-tradeengineering.com\/services\/fabrication-dengrenages\/"]}]},{"@type":"ImageObject","inLanguage":"fr-FR","@id":"https:\/\/sauvage-tradeengineering.com\/services\/fabrication-dengrenages\/#primaryimage","url":"https:\/\/sauvage-tradeengineering.com\/wp-content\/uploads\/2022\/11\/fabrication-dengrenages.webp","contentUrl":"https:\/\/sauvage-tradeengineering.com\/wp-content\/uploads\/2022\/11\/fabrication-dengrenages.webp"},{"@type":"BreadcrumbList","@id":"https:\/\/sauvage-tradeengineering.com\/services\/fabrication-dengrenages\/#breadcrumb","itemListElement":[{"@type":"ListItem","position":1,"name":"Accueil","item":"https:\/\/sauvage-tradeengineering.com\/fr_fr\/"},{"@type":"ListItem","position":2,"name":"Services","item":"https:\/\/sauvage-tradeengineering.com\/services\/"},{"@type":"ListItem","position":3,"name":"Fabrication d&rsquo;engrenages"}]},{"@type":"WebSite","@id":"https:\/\/sauvage-tradeengineering.com\/#website","url":"https:\/\/sauvage-tradeengineering.com\/","name":"Sauvage Trade Engineering","description":"Atelier de maintenance","publisher":{"@id":"https:\/\/sauvage-tradeengineering.com\/#organization"},"potentialAction":[{"@type":"SearchAction","target":{"@type":"EntryPoint","urlTemplate":"https:\/\/sauvage-tradeengineering.com\/?s={search_term_string}"},"query-input":{"@type":"PropertyValueSpecification","valueRequired":true,"valueName":"search_term_string"}}],"inLanguage":"fr-FR"},{"@type":"Organization","@id":"https:\/\/sauvage-tradeengineering.com\/#organization","name":"Sauvage Trade Engineering","url":"https:\/\/sauvage-tradeengineering.com\/","logo":{"@type":"ImageObject","inLanguage":"fr-FR","@id":"https:\/\/sauvage-tradeengineering.com\/#\/schema\/logo\/image\/","url":"https:\/\/sauvage-tradeengineering.com\/wp-content\/uploads\/2022\/11\/sauvage-tradeengineering-logo-1.webp","contentUrl":"https:\/\/sauvage-tradeengineering.com\/wp-content\/uploads\/2022\/11\/sauvage-tradeengineering-logo-1.webp","width":113,"height":114,"caption":"Sauvage Trade Engineering"},"image":{"@id":"https:\/\/sauvage-tradeengineering.com\/#\/schema\/logo\/image\/"}}]}},"_links":{"self":[{"href":"https:\/\/sauvage-tradeengineering.com\/fr_fr\/wp-json\/wp\/v2\/pages\/2007","targetHints":{"allow":["GET"]}}],"collection":[{"href":"https:\/\/sauvage-tradeengineering.com\/fr_fr\/wp-json\/wp\/v2\/pages"}],"about":[{"href":"https:\/\/sauvage-tradeengineering.com\/fr_fr\/wp-json\/wp\/v2\/types\/page"}],"author":[{"embeddable":true,"href":"https:\/\/sauvage-tradeengineering.com\/fr_fr\/wp-json\/wp\/v2\/users\/2"}],"replies":[{"embeddable":true,"href":"https:\/\/sauvage-tradeengineering.com\/fr_fr\/wp-json\/wp\/v2\/comments?post=2007"}],"version-history":[{"count":6,"href":"https:\/\/sauvage-tradeengineering.com\/fr_fr\/wp-json\/wp\/v2\/pages\/2007\/revisions"}],"predecessor-version":[{"id":2266,"href":"https:\/\/sauvage-tradeengineering.com\/fr_fr\/wp-json\/wp\/v2\/pages\/2007\/revisions\/2266"}],"up":[{"embeddable":true,"href":"https:\/\/sauvage-tradeengineering.com\/fr_fr\/wp-json\/wp\/v2\/pages\/1306"}],"wp:attachment":[{"href":"https:\/\/sauvage-tradeengineering.com\/fr_fr\/wp-json\/wp\/v2\/media?parent=2007"}],"curies":[{"name":"wp","href":"https:\/\/api.w.org\/{rel}","templated":true}]}}