{"id":1645,"date":"2019-09-03T13:48:13","date_gmt":"2019-09-03T12:48:13","guid":{"rendered":"https:\/\/duplex38.com\/sauvage\/?page_id=1645"},"modified":"2022-11-21T10:01:00","modified_gmt":"2022-11-21T09:01:00","slug":"qui-sommes-nous","status":"publish","type":"page","link":"https:\/\/sauvage-tradeengineering.com\/fr_fr\/qui-sommes-nous\/","title":{"rendered":"Qui sommes-nous"},"content":{"rendered":"\t\t<div data-elementor-type=\"wp-post\" data-elementor-id=\"1645\" class=\"elementor elementor-1645\" data-elementor-post-type=\"page\">\n\t\t\t\t\t\t<section class=\"elementor-section elementor-top-section elementor-element elementor-element-70c2508b elementor-section-stretched elementor-section-boxed elementor-section-height-default elementor-section-height-default\" data-id=\"70c2508b\" data-element_type=\"section\" data-settings=\"{&quot;stretch_section&quot;:&quot;section-stretched&quot;,&quot;background_background&quot;:&quot;classic&quot;}\">\n\t\t\t\t\t\t<div class=\"elementor-container elementor-column-gap-default\">\n\t\t\t\t\t<div class=\"elementor-column elementor-col-100 elementor-top-column elementor-element elementor-element-102ffeff\" data-id=\"102ffeff\" data-element_type=\"column\">\n\t\t\t<div class=\"elementor-widget-wrap elementor-element-populated\">\n\t\t\t\t\t\t<div class=\"elementor-element elementor-element-71726481 elementor-widget elementor-widget-heading\" data-id=\"71726481\" data-element_type=\"widget\" data-widget_type=\"heading.default\">\n\t\t\t\t<div class=\"elementor-widget-container\">\n\t\t\t\t\t<h1 class=\"elementor-heading-title elementor-size-default\">Qui sommes-nous<\/h1>\t\t\t\t<\/div>\n\t\t\t\t<\/div>\n\t\t\t\t\t<\/div>\n\t\t<\/div>\n\t\t\t\t\t<\/div>\n\t\t<\/section>\n\t\t\t\t<section class=\"elementor-section elementor-top-section elementor-element elementor-element-2363f17b elementor-section-stretched elementor-section-height-min-height elementor-section-boxed elementor-section-height-default elementor-section-items-middle elementor-invisible\" data-id=\"2363f17b\" data-element_type=\"section\" data-settings=\"{&quot;stretch_section&quot;:&quot;section-stretched&quot;,&quot;background_background&quot;:&quot;classic&quot;,&quot;animation&quot;:&quot;fadeInUp&quot;}\">\n\t\t\t\t\t\t<div class=\"elementor-container elementor-column-gap-default\">\n\t\t\t\t\t<div class=\"elementor-column elementor-col-50 elementor-top-column elementor-element elementor-element-74ab7af9\" data-id=\"74ab7af9\" data-element_type=\"column\" data-settings=\"{&quot;background_background&quot;:&quot;classic&quot;}\">\n\t\t\t<div class=\"elementor-widget-wrap elementor-element-populated\">\n\t\t\t\t\t\t<div class=\"elementor-element elementor-element-21f30ac5 elementor-widget elementor-widget-heading\" data-id=\"21f30ac5\" data-element_type=\"widget\" data-widget_type=\"heading.default\">\n\t\t\t\t<div class=\"elementor-widget-container\">\n\t\t\t\t\t<h2 class=\"elementor-heading-title elementor-size-default\">Sauve Trade-Engineering<\/h2>\t\t\t\t<\/div>\n\t\t\t\t<\/div>\n\t\t\t\t<div class=\"elementor-element elementor-element-76502610 elementor-widget elementor-widget-text-editor\" data-id=\"76502610\" data-element_type=\"widget\" data-widget_type=\"text-editor.default\">\n\t\t\t\t<div class=\"elementor-widget-container\">\n\t\t\t\t\t\t\t\t\t<p>Fond\u00e9e en 1962, par notre p\u00e8re Pol Sauvage, la Soci\u00e9t\u00e9 Anonyme Ateliers P. Sauvage a connu des d\u00e9buts modestes dans le garage familial. Gr\u00e2ce \u00e0 son travail et sa pers\u00e9v\u00e9rance, le premier b\u00e2timent industriel fut inaugur\u00e9 en 1975. La soci\u00e9t\u00e9 devint une SPRL dix ans plus tard.<\/p><p>C\u2019est \u00e0 ce moment que nous avons rejoint notre p\u00e8re dans ce projet enthousiasmant. Nous avons mis tous nos efforts dans le d\u00e9veloppement de notre entreprise afin de perp\u00e9tuer l\u2019engagement initi\u00e9 par notre p\u00e8re. Peu \u00e0 peu, notre implication allant croissant, nous avons repris une partie de l\u2019organisation pour l\u2019assurer compl\u00e8tement de nos jours.<\/p><p>A pr\u00e9sent et afin de faire face \u00e0 une demande de plus en plus pressante, nous avons d\u00e9cid\u00e9 d\u2019\u00e9tendre nos activit\u00e9s au Grand-Duch\u00e9 de Luxermbourg. C\u2019est ainsi que Sauvage Trade Engineering est n\u00e9e.<\/p><p>Sauvage Trade Engineering est sp\u00e9cialis\u00e9e dans l\u2019<strong>\u00e9tude de divers produits techniques<\/strong> ainsi que l\u2019<strong>\u00e9tude de transformation de machine<\/strong>. Mais nos domaines de comp\u00e9tences sont vari\u00e9s. Nous fabriquons des <strong>engrenages<\/strong> de tous types et de toutes mati\u00e8res premi\u00e8res et nous pouvons \u00e9galement r\u00e9aliser la <strong>maintenance <\/strong>de <strong>machines industrielles<\/strong> et de <strong>r\u00e9ducteurs<\/strong>\u00a0 de tous types.<\/p><p>Nous disposons d\u2019\u00e9quipements de pointe qui conjointement avec notre expertise nous permettent de r\u00e9aliser un travail d\u2019une qualit\u00e9 aussi reconnue que recherch\u00e9e.<\/p><p>A pr\u00e9sent, nous sommes fiers de poursuivre la t\u00e2che entreprise par notre p\u00e8re. Chacun dans notre champ de comp\u00e9tence, nous travaillons de concert afin de d\u2019offrir \u00e0 nos clients nationaux et internationaux des produits et des services d\u2019une qualit\u00e9 irr\u00e9prochable.<\/p>\t\t\t\t\t\t\t\t<\/div>\n\t\t\t\t<\/div>\n\t\t\t\t\t<\/div>\n\t\t<\/div>\n\t\t\t\t<div class=\"elementor-column elementor-col-50 elementor-top-column elementor-element elementor-element-814d533\" data-id=\"814d533\" data-element_type=\"column\" data-settings=\"{&quot;background_background&quot;:&quot;classic&quot;}\">\n\t\t\t<div class=\"elementor-widget-wrap elementor-element-populated\">\n\t\t\t\t\t\t<div class=\"elementor-element elementor-element-395abd18 elementor-widget elementor-widget-heading\" data-id=\"395abd18\" data-element_type=\"widget\" data-widget_type=\"heading.default\">\n\t\t\t\t<div class=\"elementor-widget-container\">\n\t\t\t\t\t<h3 class=\"elementor-heading-title elementor-size-default\">Demandez \u00e0 \u00eatre rappel\u00e9(e) par notre \u00e9quipe.<\/h3>\t\t\t\t<\/div>\n\t\t\t\t<\/div>\n\t\t\t\t<div class=\"elementor-element elementor-element-7e21279 elementor-widget-divider--view-line elementor-widget elementor-widget-divider\" data-id=\"7e21279\" data-element_type=\"widget\" data-widget_type=\"divider.default\">\n\t\t\t\t<div class=\"elementor-widget-container\">\n\t\t\t\t\t\t\t<div class=\"elementor-divider\">\n\t\t\t<span class=\"elementor-divider-separator\">\n\t\t\t\t\t\t<\/span>\n\t\t<\/div>\n\t\t\t\t\t\t<\/div>\n\t\t\t\t<\/div>\n\t\t\t\t<div class=\"elementor-element elementor-element-370cf2a8 elementor-button-align-start elementor-widget elementor-widget-form\" data-id=\"370cf2a8\" data-element_type=\"widget\" data-settings=\"{&quot;step_next_label&quot;:&quot;Suivant&quot;,&quot;step_previous_label&quot;:&quot;Pr\\u00e9c\\u00e9dent&quot;,&quot;button_width&quot;:&quot;100&quot;,&quot;step_type&quot;:&quot;number_text&quot;,&quot;step_icon_shape&quot;:&quot;circle&quot;}\" data-widget_type=\"form.default\">\n\t\t\t\t<div class=\"elementor-widget-container\">\n\t\t\t\t\t\t\t<form class=\"elementor-form\" method=\"post\" name=\"Nouveau formulaire\">\n\t\t\t<input type=\"hidden\" name=\"post_id\" value=\"1645\"\/>\n\t\t\t<input type=\"hidden\" name=\"form_id\" value=\"370cf2a8\"\/>\n\t\t\t<input type=\"hidden\" name=\"referer_title\" value=\"Sauvage Trade Engineering\" \/>\n\n\t\t\t\n\t\t\t<div class=\"elementor-form-fields-wrapper elementor-labels-\">\n\t\t\t\t\t\t\t\t<div class=\"elementor-field-type-text elementor-field-group elementor-column elementor-field-group-name elementor-col-50 elementor-field-required\">\n\t\t\t\t\t\t\t\t\t\t\t\t<label for=\"form-field-name\" class=\"elementor-field-label elementor-screen-only\">\n\t\t\t\t\t\t\t\tNom\t\t\t\t\t\t\t<\/label>\n\t\t\t\t\t\t\t\t\t\t\t\t\t\t<input size=\"1\" type=\"text\" name=\"form_fields[name]\" id=\"form-field-name\" class=\"elementor-field elementor-size-sm  elementor-field-textual\" placeholder=\"Nom\" required=\"required\">\n\t\t\t\t\t\t\t\t\t\t\t<\/div>\n\t\t\t\t\t\t\t\t<div class=\"elementor-field-type-text elementor-field-group elementor-column elementor-field-group-field_8e04245 elementor-col-50 elementor-field-required\">\n\t\t\t\t\t\t\t\t\t\t\t\t<label for=\"form-field-field_8e04245\" class=\"elementor-field-label elementor-screen-only\">\n\t\t\t\t\t\t\t\tPr\u00e9nom\t\t\t\t\t\t\t<\/label>\n\t\t\t\t\t\t\t\t\t\t\t\t\t\t<input size=\"1\" type=\"text\" name=\"form_fields[field_8e04245]\" id=\"form-field-field_8e04245\" class=\"elementor-field elementor-size-sm  elementor-field-textual\" placeholder=\"Pr\u00e9nom\" required=\"required\">\n\t\t\t\t\t\t\t\t\t\t\t<\/div>\n\t\t\t\t\t\t\t\t<div class=\"elementor-field-type-email elementor-field-group elementor-column elementor-field-group-email elementor-col-100 elementor-field-required\">\n\t\t\t\t\t\t\t\t\t\t\t\t<label for=\"form-field-email\" class=\"elementor-field-label elementor-screen-only\">\n\t\t\t\t\t\t\t\tE-mail\t\t\t\t\t\t\t<\/label>\n\t\t\t\t\t\t\t\t\t\t\t\t\t\t<input size=\"1\" type=\"email\" name=\"form_fields[email]\" id=\"form-field-email\" class=\"elementor-field elementor-size-sm  elementor-field-textual\" placeholder=\"E-mail\" required=\"required\">\n\t\t\t\t\t\t\t\t\t\t\t<\/div>\n\t\t\t\t\t\t\t\t<div class=\"elementor-field-type-tel elementor-field-group elementor-column elementor-field-group-field_ce953ac elementor-col-100 elementor-field-required\">\n\t\t\t\t\t\t\t\t\t\t\t\t<label for=\"form-field-field_ce953ac\" class=\"elementor-field-label elementor-screen-only\">\n\t\t\t\t\t\t\t\tT\u00e9l\u00e9phone\t\t\t\t\t\t\t<\/label>\n\t\t\t\t\t\t\t\t<input size=\"1\" type=\"tel\" name=\"form_fields[field_ce953ac]\" id=\"form-field-field_ce953ac\" class=\"elementor-field elementor-size-sm  elementor-field-textual\" placeholder=\"T\u00e9l\u00e9phone\" required=\"required\" pattern=\"[0-9()#&amp;+*-=.]+\" title=\"Seuls les caract\u00e8res de num\u00e9ros de t\u00e9l\u00e9phone (#, -, *, etc.) sont accept\u00e9s.\">\n\n\t\t\t\t\t\t<\/div>\n\t\t\t\t\t\t\t\t<div class=\"elementor-field-type-text elementor-field-group elementor-column elementor-field-group-field_19b46c4 elementor-col-100 elementor-field-required\">\n\t\t\t\t\t\t\t\t\t\t\t\t<label for=\"form-field-field_19b46c4\" class=\"elementor-field-label elementor-screen-only\">\n\t\t\t\t\t\t\t\tSujet\t\t\t\t\t\t\t<\/label>\n\t\t\t\t\t\t\t\t\t\t\t\t\t\t<input size=\"1\" type=\"text\" name=\"form_fields[field_19b46c4]\" id=\"form-field-field_19b46c4\" class=\"elementor-field elementor-size-sm  elementor-field-textual\" placeholder=\"Sujet\" required=\"required\">\n\t\t\t\t\t\t\t\t\t\t\t<\/div>\n\t\t\t\t\t\t\t\t<div class=\"elementor-field-type-textarea elementor-field-group elementor-column elementor-field-group-message elementor-col-100\">\n\t\t\t\t\t\t\t\t\t\t\t\t<label for=\"form-field-message\" class=\"elementor-field-label elementor-screen-only\">\n\t\t\t\t\t\t\t\tMessage\t\t\t\t\t\t\t<\/label>\n\t\t\t\t\t\t<textarea class=\"elementor-field-textual elementor-field  elementor-size-sm\" name=\"form_fields[message]\" id=\"form-field-message\" rows=\"4\" placeholder=\"Message\"><\/textarea>\t\t\t\t<\/div>\n\t\t\t\t\t\t\t\t<div class=\"elementor-field-type-recaptcha_v3 elementor-field-group elementor-column elementor-field-group-field_1ba826b elementor-col-100 recaptcha_v3-bottomright\">\n\t\t\t\t\t<div class=\"elementor-field\" id=\"form-field-field_1ba826b\"><div class=\"elementor-g-recaptcha\" data-sitekey=\"6LfP2yEjAAAAAPi6UOfp8K6D7OqSeQQTOClCPt0i\" data-type=\"v3\" data-action=\"Form\" data-badge=\"bottomright\" data-size=\"invisible\"><\/div><\/div>\t\t\t\t<\/div>\n\t\t\t\t\t\t\t\t<div class=\"elementor-field-group elementor-column elementor-field-type-submit elementor-col-100 e-form__buttons\">\n\t\t\t\t\t<button class=\"elementor-button elementor-size-sm\" type=\"submit\">\n\t\t\t\t\t\t<span class=\"elementor-button-content-wrapper\">\n\t\t\t\t\t\t\t\t\t\t\t\t\t\t\t\t\t\t\t\t\t\t<span class=\"elementor-button-text\">Envoyer<\/span>\n\t\t\t\t\t\t\t\t\t\t\t\t\t<\/span>\n\t\t\t\t\t<\/button>\n\t\t\t\t<\/div>\n\t\t\t<\/div>\n\t\t<\/form>\n\t\t\t\t\t\t<\/div>\n\t\t\t\t<\/div>\n\t\t\t\t\t<\/div>\n\t\t<\/div>\n\t\t\t\t\t<\/div>\n\t\t<\/section>\n\t\t\t\t<section class=\"elementor-section elementor-top-section elementor-element elementor-element-2c238812 elementor-section-stretched elementor-section-boxed elementor-section-height-default elementor-section-height-default\" data-id=\"2c238812\" data-element_type=\"section\" data-settings=\"{&quot;stretch_section&quot;:&quot;section-stretched&quot;,&quot;background_background&quot;:&quot;classic&quot;}\">\n\t\t\t\t\t\t<div class=\"elementor-container elementor-column-gap-default\">\n\t\t\t\t\t<div class=\"elementor-column elementor-col-33 elementor-top-column elementor-element elementor-element-723ed0bc\" data-id=\"723ed0bc\" data-element_type=\"column\">\n\t\t\t<div class=\"elementor-widget-wrap elementor-element-populated\">\n\t\t\t\t\t\t<div class=\"elementor-element elementor-element-78e73381 elementor-widget elementor-widget-heading\" data-id=\"78e73381\" data-element_type=\"widget\" data-widget_type=\"heading.default\">\n\t\t\t\t<div class=\"elementor-widget-container\">\n\t\t\t\t\t<h3 class=\"elementor-heading-title elementor-size-default\">Anne Sauvage<\/h3>\t\t\t\t<\/div>\n\t\t\t\t<\/div>\n\t\t\t\t<div class=\"elementor-element elementor-element-33706b48 elementor-widget elementor-widget-text-editor\" data-id=\"33706b48\" data-element_type=\"widget\" data-widget_type=\"text-editor.default\">\n\t\t\t\t<div class=\"elementor-widget-container\">\n\t\t\t\t\t\t\t\t\t<p>Responsable administrative<\/p>\t\t\t\t\t\t\t\t<\/div>\n\t\t\t\t<\/div>\n\t\t\t\t\t<\/div>\n\t\t<\/div>\n\t\t\t\t<div class=\"elementor-column elementor-col-33 elementor-top-column elementor-element elementor-element-7320875\" data-id=\"7320875\" data-element_type=\"column\">\n\t\t\t<div class=\"elementor-widget-wrap elementor-element-populated\">\n\t\t\t\t\t\t<div class=\"elementor-element elementor-element-7bc6a86 elementor-widget elementor-widget-heading\" data-id=\"7bc6a86\" data-element_type=\"widget\" data-widget_type=\"heading.default\">\n\t\t\t\t<div class=\"elementor-widget-container\">\n\t\t\t\t\t<h3 class=\"elementor-heading-title elementor-size-default\">Philippe Sauvage<\/h3>\t\t\t\t<\/div>\n\t\t\t\t<\/div>\n\t\t\t\t<div class=\"elementor-element elementor-element-717e49b elementor-widget elementor-widget-text-editor\" data-id=\"717e49b\" data-element_type=\"widget\" data-widget_type=\"text-editor.default\">\n\t\t\t\t<div class=\"elementor-widget-container\">\n\t\t\t\t\t\t\t\t\t<p>Responsable de la production<\/p>\t\t\t\t\t\t\t\t<\/div>\n\t\t\t\t<\/div>\n\t\t\t\t\t<\/div>\n\t\t<\/div>\n\t\t\t\t<div class=\"elementor-column elementor-col-33 elementor-top-column elementor-element elementor-element-125fab6\" data-id=\"125fab6\" data-element_type=\"column\">\n\t\t\t<div class=\"elementor-widget-wrap elementor-element-populated\">\n\t\t\t\t\t\t<div class=\"elementor-element elementor-element-3b9a146 elementor-widget elementor-widget-heading\" data-id=\"3b9a146\" data-element_type=\"widget\" data-widget_type=\"heading.default\">\n\t\t\t\t<div class=\"elementor-widget-container\">\n\t\t\t\t\t<h3 class=\"elementor-heading-title elementor-size-default\">Marc Sauvage<\/h3>\t\t\t\t<\/div>\n\t\t\t\t<\/div>\n\t\t\t\t<div class=\"elementor-element elementor-element-aabf107 elementor-widget elementor-widget-text-editor\" data-id=\"aabf107\" data-element_type=\"widget\" data-widget_type=\"text-editor.default\">\n\t\t\t\t<div class=\"elementor-widget-container\">\n\t\t\t\t\t\t\t\t\t<p>Responsable commercial<\/p>\t\t\t\t\t\t\t\t<\/div>\n\t\t\t\t<\/div>\n\t\t\t\t\t<\/div>\n\t\t<\/div>\n\t\t\t\t\t<\/div>\n\t\t<\/section>\n\t\t\t\t<\/div>\n\t\t","protected":false},"excerpt":{"rendered":"<p>Qui sommes-nous Sauve Trade-Engineering Fond\u00e9e en 1962, par notre p\u00e8re Pol Sauvage, la Soci\u00e9t\u00e9 Anonyme Ateliers P. Sauvage a connu des d\u00e9buts modestes dans le garage familial. Gr\u00e2ce \u00e0 son travail et sa pers\u00e9v\u00e9rance, le premier b\u00e2timent industriel fut inaugur\u00e9 en 1975. La soci\u00e9t\u00e9 devint une SPRL dix ans plus tard. C\u2019est \u00e0 ce moment [&hellip;]<\/p>\n","protected":false},"author":2,"featured_media":0,"parent":0,"menu_order":0,"comment_status":"closed","ping_status":"closed","template":"elementor_header_footer","meta":{"footnotes":""},"class_list":["post-1645","page","type-page","status-publish","hentry"],"yoast_head":"<!-- This site is optimized with the Yoast SEO plugin v24.6 - https:\/\/yoast.com\/wordpress\/plugins\/seo\/ -->\n<title>Qui sommes-nous | Atelier de Maintenance | Sauvage Trade Engineering<\/title>\n<meta name=\"description\" content=\"Qui sommes-nous d\u00e9couvrez Sauvage Trade Engineering situ\u00e9 au Luxembourg \u00e0 Binsfeld sp\u00e9cialis\u00e9e dans l&#039; Atelier de Maintenance.\" \/>\n<meta name=\"robots\" content=\"index, follow, max-snippet:-1, max-image-preview:large, max-video-preview:-1\" \/>\n<link rel=\"canonical\" href=\"https:\/\/sauvage-tradeengineering.com\/fr_fr\/qui-sommes-nous\/\" \/>\n<meta property=\"og:locale\" content=\"fr_FR\" \/>\n<meta property=\"og:type\" content=\"article\" \/>\n<meta property=\"og:title\" content=\"Qui sommes-nous | Atelier de Maintenance | Sauvage Trade Engineering\" \/>\n<meta property=\"og:description\" content=\"Qui sommes-nous d\u00e9couvrez Sauvage Trade Engineering situ\u00e9 au Luxembourg \u00e0 Binsfeld sp\u00e9cialis\u00e9e dans l&#039; Atelier de Maintenance.\" \/>\n<meta property=\"og:url\" content=\"https:\/\/sauvage-tradeengineering.com\/fr_fr\/qui-sommes-nous\/\" \/>\n<meta property=\"og:site_name\" content=\"Sauvage Trade Engineering\" \/>\n<meta property=\"article:modified_time\" content=\"2022-11-21T09:01:00+00:00\" \/>\n<meta property=\"og:image\" content=\"https:\/\/sauvage-tradeengineering.com\/wp-content\/uploads\/2019\/06\/chape-\u00e0-liege-og.png\" \/>\n\t<meta property=\"og:image:width\" content=\"1200\" \/>\n\t<meta property=\"og:image:height\" content=\"630\" \/>\n\t<meta property=\"og:image:type\" content=\"image\/png\" \/>\n<meta name=\"twitter:label1\" content=\"Dur\u00e9e de lecture estim\u00e9e\" \/>\n\t<meta name=\"twitter:data1\" content=\"2 minutes\" \/>\n<script type=\"application\/ld+json\" class=\"yoast-schema-graph\">{\"@context\":\"https:\/\/schema.org\",\"@graph\":[{\"@type\":\"WebPage\",\"@id\":\"https:\/\/sauvage-tradeengineering.com\/qui-sommes-nous\/\",\"url\":\"https:\/\/sauvage-tradeengineering.com\/qui-sommes-nous\/\",\"name\":\"Qui sommes-nous | Atelier de Maintenance | Sauvage Trade Engineering\",\"isPartOf\":{\"@id\":\"https:\/\/sauvage-tradeengineering.com\/#website\"},\"datePublished\":\"2019-09-03T12:48:13+00:00\",\"dateModified\":\"2022-11-21T09:01:00+00:00\",\"description\":\"Qui sommes-nous d\u00e9couvrez Sauvage Trade Engineering situ\u00e9 au Luxembourg \u00e0 Binsfeld sp\u00e9cialis\u00e9e dans l' Atelier de Maintenance.\",\"breadcrumb\":{\"@id\":\"https:\/\/sauvage-tradeengineering.com\/qui-sommes-nous\/#breadcrumb\"},\"inLanguage\":\"fr-FR\",\"potentialAction\":[{\"@type\":\"ReadAction\",\"target\":[\"https:\/\/sauvage-tradeengineering.com\/qui-sommes-nous\/\"]}]},{\"@type\":\"BreadcrumbList\",\"@id\":\"https:\/\/sauvage-tradeengineering.com\/qui-sommes-nous\/#breadcrumb\",\"itemListElement\":[{\"@type\":\"ListItem\",\"position\":1,\"name\":\"Accueil\",\"item\":\"https:\/\/sauvage-tradeengineering.com\/fr_fr\/\"},{\"@type\":\"ListItem\",\"position\":2,\"name\":\"Qui sommes-nous\"}]},{\"@type\":\"WebSite\",\"@id\":\"https:\/\/sauvage-tradeengineering.com\/#website\",\"url\":\"https:\/\/sauvage-tradeengineering.com\/\",\"name\":\"Sauvage Trade Engineering\",\"description\":\"Atelier de maintenance\",\"publisher\":{\"@id\":\"https:\/\/sauvage-tradeengineering.com\/#organization\"},\"potentialAction\":[{\"@type\":\"SearchAction\",\"target\":{\"@type\":\"EntryPoint\",\"urlTemplate\":\"https:\/\/sauvage-tradeengineering.com\/?s={search_term_string}\"},\"query-input\":{\"@type\":\"PropertyValueSpecification\",\"valueRequired\":true,\"valueName\":\"search_term_string\"}}],\"inLanguage\":\"fr-FR\"},{\"@type\":\"Organization\",\"@id\":\"https:\/\/sauvage-tradeengineering.com\/#organization\",\"name\":\"Sauvage Trade Engineering\",\"url\":\"https:\/\/sauvage-tradeengineering.com\/\",\"logo\":{\"@type\":\"ImageObject\",\"inLanguage\":\"fr-FR\",\"@id\":\"https:\/\/sauvage-tradeengineering.com\/#\/schema\/logo\/image\/\",\"url\":\"https:\/\/sauvage-tradeengineering.com\/wp-content\/uploads\/2022\/11\/sauvage-tradeengineering-logo-1.webp\",\"contentUrl\":\"https:\/\/sauvage-tradeengineering.com\/wp-content\/uploads\/2022\/11\/sauvage-tradeengineering-logo-1.webp\",\"width\":113,\"height\":114,\"caption\":\"Sauvage Trade Engineering\"},\"image\":{\"@id\":\"https:\/\/sauvage-tradeengineering.com\/#\/schema\/logo\/image\/\"}}]}<\/script>\n<!-- \/ Yoast SEO plugin. -->","yoast_head_json":{"title":"Qui sommes-nous | Atelier de Maintenance | Sauvage Trade Engineering","description":"Qui sommes-nous d\u00e9couvrez Sauvage Trade Engineering situ\u00e9 au Luxembourg \u00e0 Binsfeld sp\u00e9cialis\u00e9e dans l' Atelier de Maintenance.","robots":{"index":"index","follow":"follow","max-snippet":"max-snippet:-1","max-image-preview":"max-image-preview:large","max-video-preview":"max-video-preview:-1"},"canonical":"https:\/\/sauvage-tradeengineering.com\/fr_fr\/qui-sommes-nous\/","og_locale":"fr_FR","og_type":"article","og_title":"Qui sommes-nous | Atelier de Maintenance | Sauvage Trade Engineering","og_description":"Qui sommes-nous d\u00e9couvrez Sauvage Trade Engineering situ\u00e9 au Luxembourg \u00e0 Binsfeld sp\u00e9cialis\u00e9e dans l' Atelier de Maintenance.","og_url":"https:\/\/sauvage-tradeengineering.com\/fr_fr\/qui-sommes-nous\/","og_site_name":"Sauvage Trade Engineering","article_modified_time":"2022-11-21T09:01:00+00:00","og_image":[{"width":1200,"height":630,"url":"https:\/\/sauvage-tradeengineering.com\/wp-content\/uploads\/2019\/06\/chape-\u00e0-liege-og.png","type":"image\/png"}],"twitter_misc":{"Dur\u00e9e de lecture estim\u00e9e":"2 minutes"},"schema":{"@context":"https:\/\/schema.org","@graph":[{"@type":"WebPage","@id":"https:\/\/sauvage-tradeengineering.com\/qui-sommes-nous\/","url":"https:\/\/sauvage-tradeengineering.com\/qui-sommes-nous\/","name":"Qui sommes-nous | Atelier de Maintenance | Sauvage Trade Engineering","isPartOf":{"@id":"https:\/\/sauvage-tradeengineering.com\/#website"},"datePublished":"2019-09-03T12:48:13+00:00","dateModified":"2022-11-21T09:01:00+00:00","description":"Qui sommes-nous d\u00e9couvrez Sauvage Trade Engineering situ\u00e9 au Luxembourg \u00e0 Binsfeld sp\u00e9cialis\u00e9e dans l' Atelier de Maintenance.","breadcrumb":{"@id":"https:\/\/sauvage-tradeengineering.com\/qui-sommes-nous\/#breadcrumb"},"inLanguage":"fr-FR","potentialAction":[{"@type":"ReadAction","target":["https:\/\/sauvage-tradeengineering.com\/qui-sommes-nous\/"]}]},{"@type":"BreadcrumbList","@id":"https:\/\/sauvage-tradeengineering.com\/qui-sommes-nous\/#breadcrumb","itemListElement":[{"@type":"ListItem","position":1,"name":"Accueil","item":"https:\/\/sauvage-tradeengineering.com\/fr_fr\/"},{"@type":"ListItem","position":2,"name":"Qui sommes-nous"}]},{"@type":"WebSite","@id":"https:\/\/sauvage-tradeengineering.com\/#website","url":"https:\/\/sauvage-tradeengineering.com\/","name":"Sauvage Trade Engineering","description":"Atelier de maintenance","publisher":{"@id":"https:\/\/sauvage-tradeengineering.com\/#organization"},"potentialAction":[{"@type":"SearchAction","target":{"@type":"EntryPoint","urlTemplate":"https:\/\/sauvage-tradeengineering.com\/?s={search_term_string}"},"query-input":{"@type":"PropertyValueSpecification","valueRequired":true,"valueName":"search_term_string"}}],"inLanguage":"fr-FR"},{"@type":"Organization","@id":"https:\/\/sauvage-tradeengineering.com\/#organization","name":"Sauvage Trade Engineering","url":"https:\/\/sauvage-tradeengineering.com\/","logo":{"@type":"ImageObject","inLanguage":"fr-FR","@id":"https:\/\/sauvage-tradeengineering.com\/#\/schema\/logo\/image\/","url":"https:\/\/sauvage-tradeengineering.com\/wp-content\/uploads\/2022\/11\/sauvage-tradeengineering-logo-1.webp","contentUrl":"https:\/\/sauvage-tradeengineering.com\/wp-content\/uploads\/2022\/11\/sauvage-tradeengineering-logo-1.webp","width":113,"height":114,"caption":"Sauvage Trade Engineering"},"image":{"@id":"https:\/\/sauvage-tradeengineering.com\/#\/schema\/logo\/image\/"}}]}},"_links":{"self":[{"href":"https:\/\/sauvage-tradeengineering.com\/fr_fr\/wp-json\/wp\/v2\/pages\/1645","targetHints":{"allow":["GET"]}}],"collection":[{"href":"https:\/\/sauvage-tradeengineering.com\/fr_fr\/wp-json\/wp\/v2\/pages"}],"about":[{"href":"https:\/\/sauvage-tradeengineering.com\/fr_fr\/wp-json\/wp\/v2\/types\/page"}],"author":[{"embeddable":true,"href":"https:\/\/sauvage-tradeengineering.com\/fr_fr\/wp-json\/wp\/v2\/users\/2"}],"replies":[{"embeddable":true,"href":"https:\/\/sauvage-tradeengineering.com\/fr_fr\/wp-json\/wp\/v2\/comments?post=1645"}],"version-history":[{"count":3,"href":"https:\/\/sauvage-tradeengineering.com\/fr_fr\/wp-json\/wp\/v2\/pages\/1645\/revisions"}],"predecessor-version":[{"id":2214,"href":"https:\/\/sauvage-tradeengineering.com\/fr_fr\/wp-json\/wp\/v2\/pages\/1645\/revisions\/2214"}],"wp:attachment":[{"href":"https:\/\/sauvage-tradeengineering.com\/fr_fr\/wp-json\/wp\/v2\/media?parent=1645"}],"curies":[{"name":"wp","href":"https:\/\/api.w.org\/{rel}","templated":true}]}}